{"id":2024,"date":"2020-06-12T20:45:44","date_gmt":"2020-06-12T18:45:44","guid":{"rendered":"https:\/\/siebecke-online.de\/?page_id=2024"},"modified":"2020-06-12T20:46:41","modified_gmt":"2020-06-12T18:46:41","slug":"terms-conditions","status":"publish","type":"page","link":"https:\/\/www.siebecke-online.de\/en\/terms-conditions\/","title":{"rendered":"Terms &#038; Conditions"},"content":{"rendered":"<p>[et_pb_section fb_built=&#8221;1&#8243; _builder_version=&#8221;4.4.8&#8243;][et_pb_row _builder_version=&#8221;4.4.8&#8243; max_width=&#8221;80%&#8221; hover_enabled=&#8221;0&#8243;][et_pb_column _builder_version=&#8221;4.4.8&#8243; type=&#8221;4_4&#8243;][et_pb_text _builder_version=&#8221;4.4.8&#8243; hover_enabled=&#8221;0&#8243;]<\/p>\n<div class=\"page\" title=\"Page 1\">\n<div class=\"layoutArea\">\n<div class=\"column\">\n<h1>GENERAL SALES CONDITIONS<\/h1>\n<h2>\u00a7 1 General \u2013 Scope<\/h2>\n<p>(1) The sales conditions of Siebecke presentation systems (hereinafter referred to as \u201cAVB\u201d) apply exclusively to companies within the meaning of Section 310 (1) BGB. We only recognize terms of the customer that conflict with or deviate from our terms of sale if we expressly agree to them in writing.<br \/>(2) These terms of sale apply to all of our current and future business with the customer.<\/p>\n<h2>\u00a7 2 offer and contract conclusion<\/h2>\n<p>(1) Our offers, which are based exclusively on our AVB, are subject to change.<br \/>(2) If an order is to be regarded as an offer in accordance with \u00a7 145 BGB, we can accept it within 2 weeks.<br \/>(3) We reserve ownership and copyrights to all documents provided, such as illustrations, drawings, calculations and other documents. These documents may not be made available to third parties. The customer requires our express written consent to pass on these documents.<\/p>\n<h2>\u00a7 3 prices and terms of payment<\/h2>\n<p>(1) Unless otherwise agreed in the order confirmation, our prices apply \u201cex works\u201d, excluding packaging and plus VAT at the statutory rate. Packaging costs will be invoiced separately.<br \/>(2) Payments must only be made to the account listed in our invoice, in the agreed currency.<br \/>(3) The discount is only deductible for special ones Written agreement permitted.<br \/>(4) Unless otherwise stated in the order confirmation, the purchase price is due net (without deduction) within 21 days of the invoice date. Tool costs, samples and expenses for freight, courier services, etc. are payable immediately without any deductions.<br \/>The legal rules regarding the consequences of late payment apply.<br \/>(5) We reserve the right for deliveries 3 months or later after conclusion of the contract, reasonable price changes due to changed wages, material and distribution costs.<br \/>(6) The customer is only entitled to offset if his counterclaims have been legally established, are undisputed or have been recognized by us . The customer is only authorized to exercise a right of retention insofar as his counterclaim is based on the same contractual relationship.<\/p>\n<\/div>\n<\/div>\n<\/div>\n<div class=\"page\" title=\"Page 2\">\n<div class=\"layoutArea\">\n<div class=\"column\">\n<h2>\u00a7 4 delivery and delivery time<\/h2>\n<p>(1) The beginning of the delivery time specified by us presupposes the timely and proper fulfillment of the customer\u2019s obligations. We reserve the right to object to the non-fulfillment of the contract.<br \/>(2) The start of the delivery times specified by us presupposes the clarification of all technical questions and the issue of all necessary releases as well as the receipt of an agreed down payment.<br \/>(3) From Delivery times given to us are only approximate, unless a fixed date or a fixed deadline has been expressly agreed or agreed.<br \/>(4) If the customer is in default of acceptance or culpably violates other duties to cooperate, we are entitled to demand compensation for the damage we incur, including any additional expenses. Further claims or rights are reserved. If the above requirements are met, the risk of accidental loss or accidental deterioration of the purchased item passes to the customer at the point in time when he is in default of acceptance or debtor.<br \/>(5) We are liable according to the statutory provisions, if a fixed commercial transaction has been agreed. The same applies if, due to the delay for which we are responsible, the customer can assert that the immediate assertion of the claim for compensation for the damage is considered instead of the service.<br \/>(6) We are not liable for the impossibility of delivery or for delays in delivery insofar as these were caused by force majeure or other events that were not foreseeable at the time the contract was concluded or the missing, incorrect or late delivery by suppliers, which we are not responsible for. If such events make delivery or performance significantly more difficult or impossible and the hindrance is not only of a temporary nature, we are required to withdraw from the contract<\/p>\n<\/div>\n<\/div>\n<\/div>\n<p>[\/et_pb_text][\/et_pb_column][\/et_pb_row][\/et_pb_section]<\/p>\n","protected":false},"excerpt":{"rendered":"<p>GENERAL SALES CONDITIONS \u00a7 1 General \u2013 Scope (1) The sales conditions of Siebecke presentation systems (hereinafter referred to as \u201cAVB\u201d) apply exclusively to companies within the meaning of Section 310 (1) BGB. We only recognize terms of the customer that conflict with or deviate from our terms of sale if we expressly agree to [&hellip;]<\/p>\n","protected":false},"author":4,"featured_media":0,"parent":0,"menu_order":0,"comment_status":"closed","ping_status":"closed","template":"","meta":{"_et_pb_use_builder":"on","_et_pb_old_content":"","_et_gb_content_width":"","footnotes":""},"class_list":["post-2024","page","type-page","status-publish","hentry"],"yoast_head":"<!-- This site is optimized with the Yoast SEO plugin v27.5 - https:\/\/yoast.com\/product\/yoast-seo-wordpress\/ -->\n<title>Terms &amp; Conditions - SIEBECKE Pr\u00e4sentationssysteme<\/title>\n<meta name=\"robots\" content=\"noindex, follow\" \/>\n<meta property=\"og:locale\" content=\"en_US\" \/>\n<meta property=\"og:type\" content=\"article\" \/>\n<meta property=\"og:title\" content=\"Terms &amp; Conditions - SIEBECKE Pr\u00e4sentationssysteme\" \/>\n<meta property=\"og:description\" content=\"GENERAL SALES CONDITIONS \u00a7 1 General \u2013 Scope (1) The sales conditions of Siebecke presentation systems (hereinafter referred to as \u201cAVB\u201d) apply exclusively to companies within the meaning of Section 310 (1) BGB. We only recognize terms of the customer that conflict with or deviate from our terms of sale if we expressly agree to [&hellip;]\" \/>\n<meta property=\"og:url\" content=\"https:\/\/www.siebecke-online.de\/en\/terms-conditions\/\" \/>\n<meta property=\"og:site_name\" content=\"SIEBECKE Pr\u00e4sentationssysteme\" \/>\n<meta property=\"article:modified_time\" content=\"2020-06-12T18:46:41+00:00\" \/>\n<meta name=\"twitter:card\" content=\"summary_large_image\" \/>\n<meta name=\"twitter:label1\" content=\"Est. reading time\" \/>\n\t<meta name=\"twitter:data1\" content=\"3 minutes\" \/>\n<script type=\"application\/ld+json\" class=\"yoast-schema-graph\">{\"@context\":\"https:\\\/\\\/schema.org\",\"@graph\":[{\"@type\":\"WebPage\",\"@id\":\"https:\\\/\\\/www.siebecke-online.de\\\/en\\\/terms-conditions\\\/\",\"url\":\"https:\\\/\\\/www.siebecke-online.de\\\/en\\\/terms-conditions\\\/\",\"name\":\"Terms & Conditions - SIEBECKE Pr\u00e4sentationssysteme\",\"isPartOf\":{\"@id\":\"https:\\\/\\\/www.siebecke-online.de\\\/en\\\/#website\"},\"datePublished\":\"2020-06-12T18:45:44+00:00\",\"dateModified\":\"2020-06-12T18:46:41+00:00\",\"breadcrumb\":{\"@id\":\"https:\\\/\\\/www.siebecke-online.de\\\/en\\\/terms-conditions\\\/#breadcrumb\"},\"inLanguage\":\"en-US\",\"potentialAction\":[{\"@type\":\"ReadAction\",\"target\":[\"https:\\\/\\\/www.siebecke-online.de\\\/en\\\/terms-conditions\\\/\"]}]},{\"@type\":\"BreadcrumbList\",\"@id\":\"https:\\\/\\\/www.siebecke-online.de\\\/en\\\/terms-conditions\\\/#breadcrumb\",\"itemListElement\":[{\"@type\":\"ListItem\",\"position\":1,\"name\":\"Startseite\",\"item\":\"https:\\\/\\\/www.siebecke-online.de\\\/en\\\/\"},{\"@type\":\"ListItem\",\"position\":2,\"name\":\"Terms &#038; Conditions\"}]},{\"@type\":\"WebSite\",\"@id\":\"https:\\\/\\\/www.siebecke-online.de\\\/en\\\/#website\",\"url\":\"https:\\\/\\\/www.siebecke-online.de\\\/en\\\/\",\"name\":\"SIEBECKE Pr\u00e4sentationssysteme\",\"description\":\"Der Ma\u00dfanzug f\u00fcr Ihre Produktpr\u00e4sentation\",\"publisher\":{\"@id\":\"https:\\\/\\\/www.siebecke-online.de\\\/en\\\/#organization\"},\"potentialAction\":[{\"@type\":\"SearchAction\",\"target\":{\"@type\":\"EntryPoint\",\"urlTemplate\":\"https:\\\/\\\/www.siebecke-online.de\\\/en\\\/?s={search_term_string}\"},\"query-input\":{\"@type\":\"PropertyValueSpecification\",\"valueRequired\":true,\"valueName\":\"search_term_string\"}}],\"inLanguage\":\"en-US\"},{\"@type\":\"Organization\",\"@id\":\"https:\\\/\\\/www.siebecke-online.de\\\/en\\\/#organization\",\"name\":\"SIEBECKE Pr\u00e4sentationssysteme\",\"url\":\"https:\\\/\\\/www.siebecke-online.de\\\/en\\\/\",\"logo\":{\"@type\":\"ImageObject\",\"inLanguage\":\"en-US\",\"@id\":\"https:\\\/\\\/www.siebecke-online.de\\\/en\\\/#\\\/schema\\\/logo\\\/image\\\/\",\"url\":\"https:\\\/\\\/www.siebecke-online.de\\\/wp-content\\\/uploads\\\/2020\\\/05\\\/Siebecke-Logo-mit-Claim1.png\",\"contentUrl\":\"https:\\\/\\\/www.siebecke-online.de\\\/wp-content\\\/uploads\\\/2020\\\/05\\\/Siebecke-Logo-mit-Claim1.png\",\"width\":794,\"height\":185,\"caption\":\"SIEBECKE Pr\u00e4sentationssysteme\"},\"image\":{\"@id\":\"https:\\\/\\\/www.siebecke-online.de\\\/en\\\/#\\\/schema\\\/logo\\\/image\\\/\"}}]}<\/script>\n<!-- \/ Yoast SEO plugin. -->","yoast_head_json":{"title":"Terms & Conditions - SIEBECKE Pr\u00e4sentationssysteme","robots":{"index":"noindex","follow":"follow"},"og_locale":"en_US","og_type":"article","og_title":"Terms & Conditions - SIEBECKE Pr\u00e4sentationssysteme","og_description":"GENERAL SALES CONDITIONS \u00a7 1 General \u2013 Scope (1) The sales conditions of Siebecke presentation systems (hereinafter referred to as \u201cAVB\u201d) apply exclusively to companies within the meaning of Section 310 (1) BGB. We only recognize terms of the customer that conflict with or deviate from our terms of sale if we expressly agree to [&hellip;]","og_url":"https:\/\/www.siebecke-online.de\/en\/terms-conditions\/","og_site_name":"SIEBECKE Pr\u00e4sentationssysteme","article_modified_time":"2020-06-12T18:46:41+00:00","twitter_card":"summary_large_image","twitter_misc":{"Est. reading time":"3 minutes"},"schema":{"@context":"https:\/\/schema.org","@graph":[{"@type":"WebPage","@id":"https:\/\/www.siebecke-online.de\/en\/terms-conditions\/","url":"https:\/\/www.siebecke-online.de\/en\/terms-conditions\/","name":"Terms & Conditions - SIEBECKE Pr\u00e4sentationssysteme","isPartOf":{"@id":"https:\/\/www.siebecke-online.de\/en\/#website"},"datePublished":"2020-06-12T18:45:44+00:00","dateModified":"2020-06-12T18:46:41+00:00","breadcrumb":{"@id":"https:\/\/www.siebecke-online.de\/en\/terms-conditions\/#breadcrumb"},"inLanguage":"en-US","potentialAction":[{"@type":"ReadAction","target":["https:\/\/www.siebecke-online.de\/en\/terms-conditions\/"]}]},{"@type":"BreadcrumbList","@id":"https:\/\/www.siebecke-online.de\/en\/terms-conditions\/#breadcrumb","itemListElement":[{"@type":"ListItem","position":1,"name":"Startseite","item":"https:\/\/www.siebecke-online.de\/en\/"},{"@type":"ListItem","position":2,"name":"Terms &#038; Conditions"}]},{"@type":"WebSite","@id":"https:\/\/www.siebecke-online.de\/en\/#website","url":"https:\/\/www.siebecke-online.de\/en\/","name":"SIEBECKE Pr\u00e4sentationssysteme","description":"Der Ma\u00dfanzug f\u00fcr Ihre Produktpr\u00e4sentation","publisher":{"@id":"https:\/\/www.siebecke-online.de\/en\/#organization"},"potentialAction":[{"@type":"SearchAction","target":{"@type":"EntryPoint","urlTemplate":"https:\/\/www.siebecke-online.de\/en\/?s={search_term_string}"},"query-input":{"@type":"PropertyValueSpecification","valueRequired":true,"valueName":"search_term_string"}}],"inLanguage":"en-US"},{"@type":"Organization","@id":"https:\/\/www.siebecke-online.de\/en\/#organization","name":"SIEBECKE Pr\u00e4sentationssysteme","url":"https:\/\/www.siebecke-online.de\/en\/","logo":{"@type":"ImageObject","inLanguage":"en-US","@id":"https:\/\/www.siebecke-online.de\/en\/#\/schema\/logo\/image\/","url":"https:\/\/www.siebecke-online.de\/wp-content\/uploads\/2020\/05\/Siebecke-Logo-mit-Claim1.png","contentUrl":"https:\/\/www.siebecke-online.de\/wp-content\/uploads\/2020\/05\/Siebecke-Logo-mit-Claim1.png","width":794,"height":185,"caption":"SIEBECKE Pr\u00e4sentationssysteme"},"image":{"@id":"https:\/\/www.siebecke-online.de\/en\/#\/schema\/logo\/image\/"}}]}},"_links":{"self":[{"href":"https:\/\/www.siebecke-online.de\/en\/wp-json\/wp\/v2\/pages\/2024","targetHints":{"allow":["GET"]}}],"collection":[{"href":"https:\/\/www.siebecke-online.de\/en\/wp-json\/wp\/v2\/pages"}],"about":[{"href":"https:\/\/www.siebecke-online.de\/en\/wp-json\/wp\/v2\/types\/page"}],"author":[{"embeddable":true,"href":"https:\/\/www.siebecke-online.de\/en\/wp-json\/wp\/v2\/users\/4"}],"replies":[{"embeddable":true,"href":"https:\/\/www.siebecke-online.de\/en\/wp-json\/wp\/v2\/comments?post=2024"}],"version-history":[{"count":0,"href":"https:\/\/www.siebecke-online.de\/en\/wp-json\/wp\/v2\/pages\/2024\/revisions"}],"wp:attachment":[{"href":"https:\/\/www.siebecke-online.de\/en\/wp-json\/wp\/v2\/media?parent=2024"}],"curies":[{"name":"wp","href":"https:\/\/api.w.org\/{rel}","templated":true}]}}