{"id":1988,"date":"2020-06-12T19:55:49","date_gmt":"2020-06-12T17:55:49","guid":{"rendered":"https:\/\/siebecke-online.de\/?page_id=1988"},"modified":"2020-06-12T19:57:05","modified_gmt":"2020-06-12T17:57:05","slug":"payment-plates","status":"publish","type":"page","link":"https:\/\/www.siebecke-online.de\/en\/sales-displays\/payment-plates\/","title":{"rendered":"Payment plates"},"content":{"rendered":"<p>[et_pb_section fb_built=&#8221;1&#8243; _builder_version=&#8221;4.4.4&#8243; background_color=&#8221;#262626&#8243; background_image=&#8221;https:\/\/siebecke-online.de\/wp-content\/uploads\/2020\/05\/Helit-Gesamtansicht_original-1.jpg&#8221; background_blend=&#8221;overlay&#8221;][et_pb_row _builder_version=&#8221;4.4.4&#8243; max_width=&#8221;80%&#8221;][et_pb_column type=&#8221;4_4&#8243; _builder_version=&#8221;4.4.4&#8243;][et_pb_text _builder_version=&#8221;4.4.5&#8243; text_orientation=&#8221;center&#8221; background_layout=&#8221;dark&#8221; max_width=&#8221;800px&#8221; module_alignment=&#8221;center&#8221;]<\/p>\n<h1>Payment plates<\/h1>\n<p>It is remarkable how payment plates lead to sales increases. No wonder, because after which purchase we do not end up at a checkout area.<\/p>\n<p>Our payment plates are characterized by the use of high-quality materials and product-specific designs. They draw attention to their product in the highly frequented checkout area and thus distract from the restless environment. Use the time while the friendly seller handles the payment process.<\/p>\n<p>We can help you with that.<span style=\"font-size: inherit;\">[\/et_pb_text][\/et_pb_column][\/et_pb_row][\/et_pb_section][et_pb_section fb_built=&#8221;1&#8243; _builder_version=&#8221;4.4.4&#8243;][et_pb_row use_custom_gutter=&#8221;on&#8221; gutter_width=&#8221;2&#8243; _builder_version=&#8221;4.4.5&#8243; max_width=&#8221;80%&#8221;][et_pb_column type=&#8221;4_4&#8243; _builder_version=&#8221;4.4.4&#8243;][et_pb_portfolio fullwidth=&#8221;off&#8221; posts_number=&#8221;25&#8243; include_categories=&#8221;17&#8243; zoom_icon_color=&#8221;#b3b698&#8243; hover_icon=&#8221;%%51%%&#8221; module_class=&#8221;pa-portfolio-image-4-3&#8243; _builder_version=&#8221;4.4.5&#8243; custom_padding=&#8221;||||false|false&#8221; border_width_all_image=&#8221;1px&#8221; border_color_all_image=&#8221;#b3b698&#8243;][\/et_pb_portfolio][\/et_pb_column][\/et_pb_row][\/et_pb_section][et_pb_section fb_built=&#8221;1&#8243; _builder_version=&#8221;4.4.4&#8243;][et_pb_row column_structure=&#8221;2_3,1_3&#8243; custom_padding_last_edited=&#8221;on|phone&#8221; _builder_version=&#8221;4.4.7&#8243; width_tablet=&#8221;90%&#8221; width_phone=&#8221;&#8221; width_last_edited=&#8221;on|tablet&#8221; max_width_tablet=&#8221;90%&#8221; max_width_phone=&#8221;&#8221; max_width_last_edited=&#8221;on|desktop&#8221; custom_margin=&#8221;-30px|auto|40px|auto||&#8221; custom_padding=&#8221;50px|50px|40px|50px|false|true&#8221; custom_padding_tablet=&#8221;&#8221; custom_padding_phone=&#8221;30px|30px|30px|30px|true|true&#8221; border_width_all=&#8221;2px&#8221; border_color_all=&#8221;#b3b698&#8243; saved_tabs=&#8221;all&#8221; locked=&#8221;off&#8221; global_module=&#8221;1891&#8243;][et_pb_column type=&#8221;2_3&#8243; _builder_version=&#8221;4.4.7&#8243;][et_pb_text _builder_version=&#8221;4.4.8&#8243; header_2_text_align_tablet=&#8221;center&#8221; header_2_text_align_phone=&#8221;&#8221; header_2_text_align_last_edited=&#8221;on|phone&#8221;]<\/p>\n<h2> Your individual request <\/h2>\n<p>[\/et_pb_text][\/et_pb_column][et_pb_column type=&#8221;1_3&#8243; _builder_version=&#8221;4.4.7&#8243;][et_pb_button button_url=&#8221;\/kontakt&#8221; button_text=&#8221;Contact us&#8221; button_alignment=&#8221;center&#8221; _builder_version=&#8221;4.4.8&#8243; custom_button=&#8221;on&#8221; button_text_color=&#8221;#ffffff&#8221; button_bg_color=&#8221;#B3B698&#8243; button_border_width=&#8221;0px&#8221; button_border_radius=&#8221;0px&#8221; custom_margin=&#8221;0px|||||&#8221; locked=&#8221;off&#8221;][\/et_pb_button][\/et_pb_column][\/et_pb_row][\/et_pb_section]<\/p>\n","protected":false},"excerpt":{"rendered":"<p>Payment plates It is remarkable how payment plates lead to sales increases. No wonder, because after which purchase we do not end up at a checkout area. Our payment plates are characterized by the use of high-quality materials and product-specific designs. They draw attention to their product in the highly frequented checkout area and thus [&hellip;]<\/p>\n","protected":false},"author":4,"featured_media":588,"parent":1878,"menu_order":0,"comment_status":"closed","ping_status":"closed","template":"","meta":{"_et_pb_use_builder":"on","_et_pb_old_content":"","_et_gb_content_width":"","footnotes":""},"class_list":["post-1988","page","type-page","status-publish","has-post-thumbnail","hentry"],"yoast_head":"<!-- This site is optimized with the Yoast SEO plugin v27.5 - https:\/\/yoast.com\/product\/yoast-seo-wordpress\/ -->\n<title>Payment plates - SIEBECKE Pr\u00e4sentationssysteme<\/title>\n<meta name=\"robots\" content=\"index, follow, max-snippet:-1, max-image-preview:large, max-video-preview:-1\" \/>\n<link rel=\"canonical\" href=\"https:\/\/www.siebecke-online.de\/en\/sales-displays\/payment-plates\/\" \/>\n<meta property=\"og:locale\" content=\"en_US\" \/>\n<meta property=\"og:type\" content=\"article\" \/>\n<meta property=\"og:title\" content=\"Payment plates - SIEBECKE Pr\u00e4sentationssysteme\" \/>\n<meta property=\"og:description\" content=\"Payment plates It is remarkable how payment plates lead to sales increases. No wonder, because after which purchase we do not end up at a checkout area. Our payment plates are characterized by the use of high-quality materials and product-specific designs. They draw attention to their product in the highly frequented checkout area and thus [&hellip;]\" \/>\n<meta property=\"og:url\" content=\"https:\/\/www.siebecke-online.de\/en\/sales-displays\/payment-plates\/\" \/>\n<meta property=\"og:site_name\" content=\"SIEBECKE Pr\u00e4sentationssysteme\" \/>\n<meta property=\"article:modified_time\" content=\"2020-06-12T17:57:05+00:00\" \/>\n<meta property=\"og:image\" content=\"https:\/\/www.siebecke-online.de\/wp-content\/uploads\/2020\/05\/Po\u0308schl-Zahlteller-Version-3-1.jpg\" \/>\n\t<meta property=\"og:image:width\" content=\"1400\" \/>\n\t<meta property=\"og:image:height\" content=\"1050\" \/>\n\t<meta property=\"og:image:type\" content=\"image\/jpeg\" \/>\n<meta name=\"twitter:card\" content=\"summary_large_image\" \/>\n<meta name=\"twitter:label1\" content=\"Est. reading time\" \/>\n\t<meta name=\"twitter:data1\" content=\"2 minutes\" \/>\n<script type=\"application\/ld+json\" class=\"yoast-schema-graph\">{\"@context\":\"https:\\\/\\\/schema.org\",\"@graph\":[{\"@type\":\"WebPage\",\"@id\":\"https:\\\/\\\/www.siebecke-online.de\\\/en\\\/sales-displays\\\/payment-plates\\\/\",\"url\":\"https:\\\/\\\/www.siebecke-online.de\\\/en\\\/sales-displays\\\/payment-plates\\\/\",\"name\":\"Payment plates - SIEBECKE Pr\u00e4sentationssysteme\",\"isPartOf\":{\"@id\":\"https:\\\/\\\/www.siebecke-online.de\\\/en\\\/#website\"},\"primaryImageOfPage\":{\"@id\":\"https:\\\/\\\/www.siebecke-online.de\\\/en\\\/sales-displays\\\/payment-plates\\\/#primaryimage\"},\"image\":{\"@id\":\"https:\\\/\\\/www.siebecke-online.de\\\/en\\\/sales-displays\\\/payment-plates\\\/#primaryimage\"},\"thumbnailUrl\":\"https:\\\/\\\/www.siebecke-online.de\\\/wp-content\\\/uploads\\\/2020\\\/05\\\/Po\u0308schl-Zahlteller-Version-3-1.jpg\",\"datePublished\":\"2020-06-12T17:55:49+00:00\",\"dateModified\":\"2020-06-12T17:57:05+00:00\",\"breadcrumb\":{\"@id\":\"https:\\\/\\\/www.siebecke-online.de\\\/en\\\/sales-displays\\\/payment-plates\\\/#breadcrumb\"},\"inLanguage\":\"en-US\",\"potentialAction\":[{\"@type\":\"ReadAction\",\"target\":[\"https:\\\/\\\/www.siebecke-online.de\\\/en\\\/sales-displays\\\/payment-plates\\\/\"]}]},{\"@type\":\"ImageObject\",\"inLanguage\":\"en-US\",\"@id\":\"https:\\\/\\\/www.siebecke-online.de\\\/en\\\/sales-displays\\\/payment-plates\\\/#primaryimage\",\"url\":\"https:\\\/\\\/www.siebecke-online.de\\\/wp-content\\\/uploads\\\/2020\\\/05\\\/Po\u0308schl-Zahlteller-Version-3-1.jpg\",\"contentUrl\":\"https:\\\/\\\/www.siebecke-online.de\\\/wp-content\\\/uploads\\\/2020\\\/05\\\/Po\u0308schl-Zahlteller-Version-3-1.jpg\",\"width\":1400,\"height\":1050},{\"@type\":\"BreadcrumbList\",\"@id\":\"https:\\\/\\\/www.siebecke-online.de\\\/en\\\/sales-displays\\\/payment-plates\\\/#breadcrumb\",\"itemListElement\":[{\"@type\":\"ListItem\",\"position\":1,\"name\":\"Startseite\",\"item\":\"https:\\\/\\\/www.siebecke-online.de\\\/en\\\/\"},{\"@type\":\"ListItem\",\"position\":2,\"name\":\"Sales displays\",\"item\":\"https:\\\/\\\/www.siebecke-online.de\\\/en\\\/sales-displays\\\/\"},{\"@type\":\"ListItem\",\"position\":3,\"name\":\"Payment plates\"}]},{\"@type\":\"WebSite\",\"@id\":\"https:\\\/\\\/www.siebecke-online.de\\\/en\\\/#website\",\"url\":\"https:\\\/\\\/www.siebecke-online.de\\\/en\\\/\",\"name\":\"SIEBECKE Pr\u00e4sentationssysteme\",\"description\":\"Der Ma\u00dfanzug f\u00fcr Ihre Produktpr\u00e4sentation\",\"publisher\":{\"@id\":\"https:\\\/\\\/www.siebecke-online.de\\\/en\\\/#organization\"},\"potentialAction\":[{\"@type\":\"SearchAction\",\"target\":{\"@type\":\"EntryPoint\",\"urlTemplate\":\"https:\\\/\\\/www.siebecke-online.de\\\/en\\\/?s={search_term_string}\"},\"query-input\":{\"@type\":\"PropertyValueSpecification\",\"valueRequired\":true,\"valueName\":\"search_term_string\"}}],\"inLanguage\":\"en-US\"},{\"@type\":\"Organization\",\"@id\":\"https:\\\/\\\/www.siebecke-online.de\\\/en\\\/#organization\",\"name\":\"SIEBECKE Pr\u00e4sentationssysteme\",\"url\":\"https:\\\/\\\/www.siebecke-online.de\\\/en\\\/\",\"logo\":{\"@type\":\"ImageObject\",\"inLanguage\":\"en-US\",\"@id\":\"https:\\\/\\\/www.siebecke-online.de\\\/en\\\/#\\\/schema\\\/logo\\\/image\\\/\",\"url\":\"https:\\\/\\\/www.siebecke-online.de\\\/wp-content\\\/uploads\\\/2020\\\/05\\\/Siebecke-Logo-mit-Claim1.png\",\"contentUrl\":\"https:\\\/\\\/www.siebecke-online.de\\\/wp-content\\\/uploads\\\/2020\\\/05\\\/Siebecke-Logo-mit-Claim1.png\",\"width\":794,\"height\":185,\"caption\":\"SIEBECKE Pr\u00e4sentationssysteme\"},\"image\":{\"@id\":\"https:\\\/\\\/www.siebecke-online.de\\\/en\\\/#\\\/schema\\\/logo\\\/image\\\/\"}}]}<\/script>\n<!-- \/ Yoast SEO plugin. -->","yoast_head_json":{"title":"Payment plates - SIEBECKE Pr\u00e4sentationssysteme","robots":{"index":"index","follow":"follow","max-snippet":"max-snippet:-1","max-image-preview":"max-image-preview:large","max-video-preview":"max-video-preview:-1"},"canonical":"https:\/\/www.siebecke-online.de\/en\/sales-displays\/payment-plates\/","og_locale":"en_US","og_type":"article","og_title":"Payment plates - SIEBECKE Pr\u00e4sentationssysteme","og_description":"Payment plates It is remarkable how payment plates lead to sales increases. No wonder, because after which purchase we do not end up at a checkout area. Our payment plates are characterized by the use of high-quality materials and product-specific designs. They draw attention to their product in the highly frequented checkout area and thus [&hellip;]","og_url":"https:\/\/www.siebecke-online.de\/en\/sales-displays\/payment-plates\/","og_site_name":"SIEBECKE Pr\u00e4sentationssysteme","article_modified_time":"2020-06-12T17:57:05+00:00","og_image":[{"width":1400,"height":1050,"url":"https:\/\/www.siebecke-online.de\/wp-content\/uploads\/2020\/05\/Po\u0308schl-Zahlteller-Version-3-1.jpg","type":"image\/jpeg"}],"twitter_card":"summary_large_image","twitter_misc":{"Est. reading time":"2 minutes"},"schema":{"@context":"https:\/\/schema.org","@graph":[{"@type":"WebPage","@id":"https:\/\/www.siebecke-online.de\/en\/sales-displays\/payment-plates\/","url":"https:\/\/www.siebecke-online.de\/en\/sales-displays\/payment-plates\/","name":"Payment plates - SIEBECKE Pr\u00e4sentationssysteme","isPartOf":{"@id":"https:\/\/www.siebecke-online.de\/en\/#website"},"primaryImageOfPage":{"@id":"https:\/\/www.siebecke-online.de\/en\/sales-displays\/payment-plates\/#primaryimage"},"image":{"@id":"https:\/\/www.siebecke-online.de\/en\/sales-displays\/payment-plates\/#primaryimage"},"thumbnailUrl":"https:\/\/www.siebecke-online.de\/wp-content\/uploads\/2020\/05\/Po\u0308schl-Zahlteller-Version-3-1.jpg","datePublished":"2020-06-12T17:55:49+00:00","dateModified":"2020-06-12T17:57:05+00:00","breadcrumb":{"@id":"https:\/\/www.siebecke-online.de\/en\/sales-displays\/payment-plates\/#breadcrumb"},"inLanguage":"en-US","potentialAction":[{"@type":"ReadAction","target":["https:\/\/www.siebecke-online.de\/en\/sales-displays\/payment-plates\/"]}]},{"@type":"ImageObject","inLanguage":"en-US","@id":"https:\/\/www.siebecke-online.de\/en\/sales-displays\/payment-plates\/#primaryimage","url":"https:\/\/www.siebecke-online.de\/wp-content\/uploads\/2020\/05\/Po\u0308schl-Zahlteller-Version-3-1.jpg","contentUrl":"https:\/\/www.siebecke-online.de\/wp-content\/uploads\/2020\/05\/Po\u0308schl-Zahlteller-Version-3-1.jpg","width":1400,"height":1050},{"@type":"BreadcrumbList","@id":"https:\/\/www.siebecke-online.de\/en\/sales-displays\/payment-plates\/#breadcrumb","itemListElement":[{"@type":"ListItem","position":1,"name":"Startseite","item":"https:\/\/www.siebecke-online.de\/en\/"},{"@type":"ListItem","position":2,"name":"Sales displays","item":"https:\/\/www.siebecke-online.de\/en\/sales-displays\/"},{"@type":"ListItem","position":3,"name":"Payment plates"}]},{"@type":"WebSite","@id":"https:\/\/www.siebecke-online.de\/en\/#website","url":"https:\/\/www.siebecke-online.de\/en\/","name":"SIEBECKE Pr\u00e4sentationssysteme","description":"Der Ma\u00dfanzug f\u00fcr Ihre Produktpr\u00e4sentation","publisher":{"@id":"https:\/\/www.siebecke-online.de\/en\/#organization"},"potentialAction":[{"@type":"SearchAction","target":{"@type":"EntryPoint","urlTemplate":"https:\/\/www.siebecke-online.de\/en\/?s={search_term_string}"},"query-input":{"@type":"PropertyValueSpecification","valueRequired":true,"valueName":"search_term_string"}}],"inLanguage":"en-US"},{"@type":"Organization","@id":"https:\/\/www.siebecke-online.de\/en\/#organization","name":"SIEBECKE Pr\u00e4sentationssysteme","url":"https:\/\/www.siebecke-online.de\/en\/","logo":{"@type":"ImageObject","inLanguage":"en-US","@id":"https:\/\/www.siebecke-online.de\/en\/#\/schema\/logo\/image\/","url":"https:\/\/www.siebecke-online.de\/wp-content\/uploads\/2020\/05\/Siebecke-Logo-mit-Claim1.png","contentUrl":"https:\/\/www.siebecke-online.de\/wp-content\/uploads\/2020\/05\/Siebecke-Logo-mit-Claim1.png","width":794,"height":185,"caption":"SIEBECKE Pr\u00e4sentationssysteme"},"image":{"@id":"https:\/\/www.siebecke-online.de\/en\/#\/schema\/logo\/image\/"}}]}},"_links":{"self":[{"href":"https:\/\/www.siebecke-online.de\/en\/wp-json\/wp\/v2\/pages\/1988","targetHints":{"allow":["GET"]}}],"collection":[{"href":"https:\/\/www.siebecke-online.de\/en\/wp-json\/wp\/v2\/pages"}],"about":[{"href":"https:\/\/www.siebecke-online.de\/en\/wp-json\/wp\/v2\/types\/page"}],"author":[{"embeddable":true,"href":"https:\/\/www.siebecke-online.de\/en\/wp-json\/wp\/v2\/users\/4"}],"replies":[{"embeddable":true,"href":"https:\/\/www.siebecke-online.de\/en\/wp-json\/wp\/v2\/comments?post=1988"}],"version-history":[{"count":0,"href":"https:\/\/www.siebecke-online.de\/en\/wp-json\/wp\/v2\/pages\/1988\/revisions"}],"up":[{"embeddable":true,"href":"https:\/\/www.siebecke-online.de\/en\/wp-json\/wp\/v2\/pages\/1878"}],"wp:featuredmedia":[{"embeddable":true,"href":"https:\/\/www.siebecke-online.de\/en\/wp-json\/wp\/v2\/media\/588"}],"wp:attachment":[{"href":"https:\/\/www.siebecke-online.de\/en\/wp-json\/wp\/v2\/media?parent=1988"}],"curies":[{"name":"wp","href":"https:\/\/api.w.org\/{rel}","templated":true}]}}