{"id":1888,"date":"2020-06-12T17:40:23","date_gmt":"2020-06-12T15:40:23","guid":{"rendered":"https:\/\/siebecke-online.de\/?page_id=1888"},"modified":"2020-06-12T17:41:14","modified_gmt":"2020-06-12T15:41:14","slug":"news","status":"publish","type":"page","link":"https:\/\/www.siebecke-online.de\/en\/news\/","title":{"rendered":"News"},"content":{"rendered":"<p>[et_pb_section fb_built=&#8221;1&#8243; _builder_version=&#8221;4.4.4&#8243; custom_padding=&#8221;5px|||||&#8221;][et_pb_row column_structure=&#8221;3_4,1_4&#8243; use_custom_gutter=&#8221;on&#8221; gutter_width=&#8221;2&#8243; _builder_version=&#8221;4.4.5&#8243; max_width=&#8221;80%&#8221;][et_pb_column type=&#8221;3_4&#8243; _builder_version=&#8221;4.4.4&#8243;][et_pb_text _builder_version=&#8221;4.4.8&#8243; custom_margin_tablet=&#8221;60px||60px||true|true&#8221; custom_margin_phone=&#8221;30px|30px|30px|30px|true|true&#8221; custom_margin_last_edited=&#8221;off|desktop&#8221; hover_enabled=&#8221;0&#8243; locked=&#8221;off&#8221;]<\/p>\n<h1>News and updates<\/h1>\n<p>[\/et_pb_text][et_pb_blog fullwidth=&#8221;off&#8221; include_categories=&#8221;all&#8221; meta_date=&#8221;j. M y&#8221; excerpt_length=&#8221;120&#8243; show_author=&#8221;off&#8221; _builder_version=&#8221;4.4.5&#8243; border_width_all_image=&#8221;1px&#8221; border_color_all_image=&#8221;#e5e6da&#8221;][\/et_pb_blog][\/et_pb_column][et_pb_column type=&#8221;1_4&#8243; _builder_version=&#8221;4.4.4&#8243;][et_pb_sidebar _builder_version=&#8221;4.4.4&#8243;][\/et_pb_sidebar][\/et_pb_column][\/et_pb_row][\/et_pb_section]<\/p>\n","protected":false},"excerpt":{"rendered":"<p>News and updates<\/p>\n","protected":false},"author":4,"featured_media":1424,"parent":0,"menu_order":0,"comment_status":"closed","ping_status":"closed","template":"","meta":{"_et_pb_use_builder":"on","_et_pb_old_content":"<!-- wp:divi\/placeholder -->\n[et_pb_section fb_built=\"1\" _builder_version=\"4.4.4\" custom_padding=\"5px|||||\"][et_pb_row column_structure=\"3_4,1_4\" use_custom_gutter=\"on\" gutter_width=\"2\" _builder_version=\"4.4.5\" max_width=\"80%\"][et_pb_column type=\"3_4\" _builder_version=\"4.4.4\"][et_pb_text _builder_version=\"4.4.5\" custom_margin_tablet=\"60px||60px||true|true\" custom_margin_phone=\"30px|30px|30px|30px|true|true\" custom_margin_last_edited=\"off|desktop\" locked=\"off\"]<h1>News und Aktuelles<\/h1>[\/et_pb_text][et_pb_blog fullwidth=\"off\" include_categories=\"all\" meta_date=\"j. M y\" excerpt_length=\"120\" show_author=\"off\" _builder_version=\"4.4.5\" border_width_all_image=\"1px\" border_color_all_image=\"#e5e6da\"][\/et_pb_blog][\/et_pb_column][et_pb_column type=\"1_4\" _builder_version=\"4.4.4\"][et_pb_sidebar _builder_version=\"4.4.4\"][\/et_pb_sidebar][\/et_pb_column][\/et_pb_row][\/et_pb_section]\n<!-- \/wp:divi\/placeholder -->","_et_gb_content_width":"","footnotes":""},"class_list":["post-1888","page","type-page","status-publish","has-post-thumbnail","hentry"],"yoast_head":"<!-- This site is optimized with the Yoast SEO plugin v27.5 - https:\/\/yoast.com\/product\/yoast-seo-wordpress\/ -->\n<title>News - SIEBECKE Pr\u00e4sentationssysteme<\/title>\n<meta name=\"robots\" content=\"index, follow, max-snippet:-1, max-image-preview:large, max-video-preview:-1\" \/>\n<link rel=\"canonical\" href=\"https:\/\/www.siebecke-online.de\/en\/news\/\" \/>\n<meta property=\"og:locale\" content=\"en_US\" \/>\n<meta property=\"og:type\" content=\"article\" \/>\n<meta property=\"og:title\" content=\"News - SIEBECKE Pr\u00e4sentationssysteme\" \/>\n<meta property=\"og:description\" content=\"News and updates\" \/>\n<meta property=\"og:url\" content=\"https:\/\/www.siebecke-online.de\/en\/news\/\" \/>\n<meta property=\"og:site_name\" content=\"SIEBECKE Pr\u00e4sentationssysteme\" \/>\n<meta property=\"article:modified_time\" content=\"2020-06-12T15:41:14+00:00\" \/>\n<meta property=\"og:image\" content=\"https:\/\/www.siebecke-online.de\/wp-content\/uploads\/2020\/05\/17948285_1479240122149192_961928009_o.jpg\" \/>\n\t<meta property=\"og:image:width\" content=\"1600\" \/>\n\t<meta property=\"og:image:height\" content=\"1066\" \/>\n\t<meta property=\"og:image:type\" content=\"image\/jpeg\" \/>\n<meta name=\"twitter:card\" content=\"summary_large_image\" \/>\n<meta name=\"twitter:label1\" content=\"Est. reading time\" \/>\n\t<meta name=\"twitter:data1\" content=\"1 minute\" \/>\n<script type=\"application\/ld+json\" class=\"yoast-schema-graph\">{\"@context\":\"https:\\\/\\\/schema.org\",\"@graph\":[{\"@type\":\"WebPage\",\"@id\":\"https:\\\/\\\/www.siebecke-online.de\\\/en\\\/news\\\/\",\"url\":\"https:\\\/\\\/www.siebecke-online.de\\\/en\\\/news\\\/\",\"name\":\"News - SIEBECKE Pr\u00e4sentationssysteme\",\"isPartOf\":{\"@id\":\"https:\\\/\\\/www.siebecke-online.de\\\/en\\\/#website\"},\"primaryImageOfPage\":{\"@id\":\"https:\\\/\\\/www.siebecke-online.de\\\/en\\\/news\\\/#primaryimage\"},\"image\":{\"@id\":\"https:\\\/\\\/www.siebecke-online.de\\\/en\\\/news\\\/#primaryimage\"},\"thumbnailUrl\":\"https:\\\/\\\/www.siebecke-online.de\\\/wp-content\\\/uploads\\\/2020\\\/05\\\/17948285_1479240122149192_961928009_o.jpg\",\"datePublished\":\"2020-06-12T15:40:23+00:00\",\"dateModified\":\"2020-06-12T15:41:14+00:00\",\"breadcrumb\":{\"@id\":\"https:\\\/\\\/www.siebecke-online.de\\\/en\\\/news\\\/#breadcrumb\"},\"inLanguage\":\"en-US\",\"potentialAction\":[{\"@type\":\"ReadAction\",\"target\":[\"https:\\\/\\\/www.siebecke-online.de\\\/en\\\/news\\\/\"]}]},{\"@type\":\"ImageObject\",\"inLanguage\":\"en-US\",\"@id\":\"https:\\\/\\\/www.siebecke-online.de\\\/en\\\/news\\\/#primaryimage\",\"url\":\"https:\\\/\\\/www.siebecke-online.de\\\/wp-content\\\/uploads\\\/2020\\\/05\\\/17948285_1479240122149192_961928009_o.jpg\",\"contentUrl\":\"https:\\\/\\\/www.siebecke-online.de\\\/wp-content\\\/uploads\\\/2020\\\/05\\\/17948285_1479240122149192_961928009_o.jpg\",\"width\":1600,\"height\":1066},{\"@type\":\"BreadcrumbList\",\"@id\":\"https:\\\/\\\/www.siebecke-online.de\\\/en\\\/news\\\/#breadcrumb\",\"itemListElement\":[{\"@type\":\"ListItem\",\"position\":1,\"name\":\"Startseite\",\"item\":\"https:\\\/\\\/www.siebecke-online.de\\\/en\\\/\"},{\"@type\":\"ListItem\",\"position\":2,\"name\":\"News\"}]},{\"@type\":\"WebSite\",\"@id\":\"https:\\\/\\\/www.siebecke-online.de\\\/en\\\/#website\",\"url\":\"https:\\\/\\\/www.siebecke-online.de\\\/en\\\/\",\"name\":\"SIEBECKE Pr\u00e4sentationssysteme\",\"description\":\"Der Ma\u00dfanzug f\u00fcr Ihre Produktpr\u00e4sentation\",\"publisher\":{\"@id\":\"https:\\\/\\\/www.siebecke-online.de\\\/en\\\/#organization\"},\"potentialAction\":[{\"@type\":\"SearchAction\",\"target\":{\"@type\":\"EntryPoint\",\"urlTemplate\":\"https:\\\/\\\/www.siebecke-online.de\\\/en\\\/?s={search_term_string}\"},\"query-input\":{\"@type\":\"PropertyValueSpecification\",\"valueRequired\":true,\"valueName\":\"search_term_string\"}}],\"inLanguage\":\"en-US\"},{\"@type\":\"Organization\",\"@id\":\"https:\\\/\\\/www.siebecke-online.de\\\/en\\\/#organization\",\"name\":\"SIEBECKE Pr\u00e4sentationssysteme\",\"url\":\"https:\\\/\\\/www.siebecke-online.de\\\/en\\\/\",\"logo\":{\"@type\":\"ImageObject\",\"inLanguage\":\"en-US\",\"@id\":\"https:\\\/\\\/www.siebecke-online.de\\\/en\\\/#\\\/schema\\\/logo\\\/image\\\/\",\"url\":\"https:\\\/\\\/www.siebecke-online.de\\\/wp-content\\\/uploads\\\/2020\\\/05\\\/Siebecke-Logo-mit-Claim1.png\",\"contentUrl\":\"https:\\\/\\\/www.siebecke-online.de\\\/wp-content\\\/uploads\\\/2020\\\/05\\\/Siebecke-Logo-mit-Claim1.png\",\"width\":794,\"height\":185,\"caption\":\"SIEBECKE Pr\u00e4sentationssysteme\"},\"image\":{\"@id\":\"https:\\\/\\\/www.siebecke-online.de\\\/en\\\/#\\\/schema\\\/logo\\\/image\\\/\"}}]}<\/script>\n<!-- \/ Yoast SEO plugin. -->","yoast_head_json":{"title":"News - SIEBECKE Pr\u00e4sentationssysteme","robots":{"index":"index","follow":"follow","max-snippet":"max-snippet:-1","max-image-preview":"max-image-preview:large","max-video-preview":"max-video-preview:-1"},"canonical":"https:\/\/www.siebecke-online.de\/en\/news\/","og_locale":"en_US","og_type":"article","og_title":"News - SIEBECKE Pr\u00e4sentationssysteme","og_description":"News and updates","og_url":"https:\/\/www.siebecke-online.de\/en\/news\/","og_site_name":"SIEBECKE Pr\u00e4sentationssysteme","article_modified_time":"2020-06-12T15:41:14+00:00","og_image":[{"width":1600,"height":1066,"url":"https:\/\/www.siebecke-online.de\/wp-content\/uploads\/2020\/05\/17948285_1479240122149192_961928009_o.jpg","type":"image\/jpeg"}],"twitter_card":"summary_large_image","twitter_misc":{"Est. reading time":"1 minute"},"schema":{"@context":"https:\/\/schema.org","@graph":[{"@type":"WebPage","@id":"https:\/\/www.siebecke-online.de\/en\/news\/","url":"https:\/\/www.siebecke-online.de\/en\/news\/","name":"News - SIEBECKE Pr\u00e4sentationssysteme","isPartOf":{"@id":"https:\/\/www.siebecke-online.de\/en\/#website"},"primaryImageOfPage":{"@id":"https:\/\/www.siebecke-online.de\/en\/news\/#primaryimage"},"image":{"@id":"https:\/\/www.siebecke-online.de\/en\/news\/#primaryimage"},"thumbnailUrl":"https:\/\/www.siebecke-online.de\/wp-content\/uploads\/2020\/05\/17948285_1479240122149192_961928009_o.jpg","datePublished":"2020-06-12T15:40:23+00:00","dateModified":"2020-06-12T15:41:14+00:00","breadcrumb":{"@id":"https:\/\/www.siebecke-online.de\/en\/news\/#breadcrumb"},"inLanguage":"en-US","potentialAction":[{"@type":"ReadAction","target":["https:\/\/www.siebecke-online.de\/en\/news\/"]}]},{"@type":"ImageObject","inLanguage":"en-US","@id":"https:\/\/www.siebecke-online.de\/en\/news\/#primaryimage","url":"https:\/\/www.siebecke-online.de\/wp-content\/uploads\/2020\/05\/17948285_1479240122149192_961928009_o.jpg","contentUrl":"https:\/\/www.siebecke-online.de\/wp-content\/uploads\/2020\/05\/17948285_1479240122149192_961928009_o.jpg","width":1600,"height":1066},{"@type":"BreadcrumbList","@id":"https:\/\/www.siebecke-online.de\/en\/news\/#breadcrumb","itemListElement":[{"@type":"ListItem","position":1,"name":"Startseite","item":"https:\/\/www.siebecke-online.de\/en\/"},{"@type":"ListItem","position":2,"name":"News"}]},{"@type":"WebSite","@id":"https:\/\/www.siebecke-online.de\/en\/#website","url":"https:\/\/www.siebecke-online.de\/en\/","name":"SIEBECKE Pr\u00e4sentationssysteme","description":"Der Ma\u00dfanzug f\u00fcr Ihre Produktpr\u00e4sentation","publisher":{"@id":"https:\/\/www.siebecke-online.de\/en\/#organization"},"potentialAction":[{"@type":"SearchAction","target":{"@type":"EntryPoint","urlTemplate":"https:\/\/www.siebecke-online.de\/en\/?s={search_term_string}"},"query-input":{"@type":"PropertyValueSpecification","valueRequired":true,"valueName":"search_term_string"}}],"inLanguage":"en-US"},{"@type":"Organization","@id":"https:\/\/www.siebecke-online.de\/en\/#organization","name":"SIEBECKE Pr\u00e4sentationssysteme","url":"https:\/\/www.siebecke-online.de\/en\/","logo":{"@type":"ImageObject","inLanguage":"en-US","@id":"https:\/\/www.siebecke-online.de\/en\/#\/schema\/logo\/image\/","url":"https:\/\/www.siebecke-online.de\/wp-content\/uploads\/2020\/05\/Siebecke-Logo-mit-Claim1.png","contentUrl":"https:\/\/www.siebecke-online.de\/wp-content\/uploads\/2020\/05\/Siebecke-Logo-mit-Claim1.png","width":794,"height":185,"caption":"SIEBECKE Pr\u00e4sentationssysteme"},"image":{"@id":"https:\/\/www.siebecke-online.de\/en\/#\/schema\/logo\/image\/"}}]}},"_links":{"self":[{"href":"https:\/\/www.siebecke-online.de\/en\/wp-json\/wp\/v2\/pages\/1888","targetHints":{"allow":["GET"]}}],"collection":[{"href":"https:\/\/www.siebecke-online.de\/en\/wp-json\/wp\/v2\/pages"}],"about":[{"href":"https:\/\/www.siebecke-online.de\/en\/wp-json\/wp\/v2\/types\/page"}],"author":[{"embeddable":true,"href":"https:\/\/www.siebecke-online.de\/en\/wp-json\/wp\/v2\/users\/4"}],"replies":[{"embeddable":true,"href":"https:\/\/www.siebecke-online.de\/en\/wp-json\/wp\/v2\/comments?post=1888"}],"version-history":[{"count":0,"href":"https:\/\/www.siebecke-online.de\/en\/wp-json\/wp\/v2\/pages\/1888\/revisions"}],"wp:featuredmedia":[{"embeddable":true,"href":"https:\/\/www.siebecke-online.de\/en\/wp-json\/wp\/v2\/media\/1424"}],"wp:attachment":[{"href":"https:\/\/www.siebecke-online.de\/en\/wp-json\/wp\/v2\/media?parent=1888"}],"curies":[{"name":"wp","href":"https:\/\/api.w.org\/{rel}","templated":true}]}}