{"id":1878,"date":"2020-06-12T17:28:19","date_gmt":"2020-06-12T15:28:19","guid":{"rendered":"https:\/\/siebecke-online.de\/?page_id=1878"},"modified":"2020-06-12T21:19:52","modified_gmt":"2020-06-12T19:19:52","slug":"sales-displays","status":"publish","type":"page","link":"https:\/\/www.siebecke-online.de\/en\/sales-displays\/","title":{"rendered":"Sales displays"},"content":{"rendered":"<p>[et_pb_section fb_built=&#8221;1&#8243; _builder_version=&#8221;4.4.4&#8243; background_color=&#8221;#262626&#8243; background_image=&#8221;https:\/\/siebecke-online.de\/wp-content\/uploads\/2020\/05\/Helit-Gesamtansicht_original-1.jpg&#8221; background_blend=&#8221;overlay&#8221;][et_pb_row _builder_version=&#8221;4.4.4&#8243; max_width=&#8221;80%&#8221;][et_pb_column type=&#8221;4_4&#8243; _builder_version=&#8221;4.4.4&#8243;][et_pb_text _builder_version=&#8221;4.4.8&#8243; text_orientation=&#8221;center&#8221; background_layout=&#8221;dark&#8221; max_width=&#8221;720px&#8221; module_alignment=&#8221;center&#8221;]<\/p>\n<h1>Our products<\/h1>\n<p>&nbsp;<\/p>\n<p>Each display or shop system is developed and produced individually for a project.<\/p>\n<p>With modern production and printing processes, high-quality POS solutions made of metal, plastic or wood are feasible &#8211; without exceeding your budget!<\/p>\n<p>So just take a look around with us.<\/p>\n<p>[\/et_pb_text][\/et_pb_column][\/et_pb_row][\/et_pb_section][et_pb_section fb_built=&#8221;1&#8243; _builder_version=&#8221;4.4.4&#8243;][et_pb_row column_structure=&#8221;1_6,1_6,1_6,1_6,1_6,1_6&#8243; use_custom_gutter=&#8221;on&#8221; gutter_width=&#8221;2&#8243; make_equal=&#8221;on&#8221; _builder_version=&#8221;4.4.8&#8243; width=&#8221;95%&#8221; max_width=&#8221;95%&#8221; custom_padding=&#8221;0px||0px|||&#8221; hover_enabled=&#8221;0&#8243;][et_pb_column type=&#8221;1_6&#8243; _builder_version=&#8221;4.4.8&#8243; use_background_color_gradient=&#8221;on&#8221; background_color_gradient_start=&#8221;rgba(43,135,218,0)&#8221; background_color_gradient_end=&#8221;#000000&#8243; background_color_gradient_start_position=&#8221;41%&#8221; background_image=&#8221;https:\/\/siebecke-online.de\/wp-content\/uploads\/2020\/04\/Uber-Florenz.jpg&#8221; background_blend=&#8221;overlay&#8221; link_option_url=&#8221;@ET-DC@eyJkeW5hbWljIjp0cnVlLCJjb250ZW50IjoicG9zdF9saW5rX3VybF9wYWdlIiwic2V0dGluZ3MiOnsicG9zdF9pZCI6IjE5OTUifX0=@&#8221; hover_enabled=&#8221;0&#8243; _dynamic_attributes=&#8221;link_option_url&#8221;][et_pb_text _builder_version=&#8221;4.4.8&#8243; header_2_font=&#8221;||||||||&#8221; header_2_text_color=&#8221;#ffffff&#8221; header_2_font_size=&#8221;22px&#8221; text_orientation=&#8221;center&#8221; custom_margin=&#8221;250px||30px||false|false&#8221; locked=&#8221;off&#8221;]<\/p>\n<h2>Floor displays<\/h2>\n<p>[\/et_pb_text][\/et_pb_column][et_pb_column type=&#8221;1_6&#8243; _builder_version=&#8221;4.4.8&#8243; use_background_color_gradient=&#8221;on&#8221; background_color_gradient_start=&#8221;rgba(43,135,218,0)&#8221; background_color_gradient_end=&#8221;#000000&#8243; background_color_gradient_start_position=&#8221;41%&#8221; background_image=&#8221;https:\/\/siebecke-online.de\/wp-content\/uploads\/2020\/05\/Blisterstaender_Transparent_Variante2.png&#8221; background_position=&#8221;top_center&#8221; background_blend=&#8221;overlay&#8221; link_option_url=&#8221;@ET-DC@eyJkeW5hbWljIjp0cnVlLCJjb250ZW50IjoicG9zdF9saW5rX3VybF9wYWdlIiwic2V0dGluZ3MiOnsicG9zdF9pZCI6IjE5MDgifX0=@&#8221; hover_enabled=&#8221;0&#8243; _dynamic_attributes=&#8221;link_option_url&#8221;][et_pb_text _builder_version=&#8221;4.4.8&#8243; header_2_font=&#8221;||||||||&#8221; header_2_text_color=&#8221;#ffffff&#8221; header_2_font_size=&#8221;22px&#8221; text_orientation=&#8221;center&#8221; custom_margin=&#8221;250px||30px||false|false&#8221; locked=&#8221;off&#8221;]<\/p>\n<h2>Counter displays<\/h2>\n<p>[\/et_pb_text][\/et_pb_column][et_pb_column type=&#8221;1_6&#8243; _builder_version=&#8221;4.4.8&#8243; use_background_color_gradient=&#8221;on&#8221; background_color_gradient_start=&#8221;rgba(43,135,218,0)&#8221; background_color_gradient_end=&#8221;#000000&#8243; background_color_gradient_start_position=&#8221;41%&#8221; background_image=&#8221;https:\/\/siebecke-online.de\/wp-content\/uploads\/2020\/05\/43.4.1-dlw-beratungsinsel-wei\u00b7_900_12000.png&#8221; background_blend=&#8221;overlay&#8221; link_option_url=&#8221;@ET-DC@eyJkeW5hbWljIjp0cnVlLCJjb250ZW50IjoicG9zdF9saW5rX3VybF9wYWdlIiwic2V0dGluZ3MiOnsicG9zdF9pZCI6IjE5ODkifX0=@&#8221; hover_enabled=&#8221;0&#8243; _dynamic_attributes=&#8221;link_option_url&#8221;][et_pb_text _builder_version=&#8221;4.4.4&#8243; header_2_font=&#8221;||||||||&#8221; header_2_text_color=&#8221;#ffffff&#8221; header_2_font_size=&#8221;22px&#8221; text_orientation=&#8221;center&#8221; custom_margin=&#8221;250px||30px||false|false&#8221; locked=&#8221;off&#8221;]<\/p>\n<h2>Shop-In-Shop<\/h2>\n<p>[\/et_pb_text][\/et_pb_column][et_pb_column type=&#8221;1_6&#8243; _builder_version=&#8221;4.4.8&#8243; use_background_color_gradient=&#8221;on&#8221; background_color_gradient_start=&#8221;rgba(43,135,218,0)&#8221; background_color_gradient_end=&#8221;#000000&#8243; background_color_gradient_start_position=&#8221;41%&#8221; background_image=&#8221;https:\/\/siebecke-online.de\/wp-content\/uploads\/2020\/05\/Duden.png&#8221; background_blend=&#8221;overlay&#8221; link_option_url=&#8221;@ET-DC@eyJkeW5hbWljIjp0cnVlLCJjb250ZW50IjoicG9zdF9saW5rX3VybF9wYWdlIiwic2V0dGluZ3MiOnsicG9zdF9pZCI6IjE5OTQifX0=@&#8221; hover_enabled=&#8221;0&#8243; _dynamic_attributes=&#8221;link_option_url&#8221;][et_pb_text _builder_version=&#8221;4.4.8&#8243; header_2_font=&#8221;||||||||&#8221; header_2_text_color=&#8221;#ffffff&#8221; header_2_font_size=&#8221;22px&#8221; text_orientation=&#8221;center&#8221; custom_margin=&#8221;250px||30px||false|false&#8221; locked=&#8221;off&#8221;]<\/p>\n<h2>Logo displays<\/h2>\n<p>[\/et_pb_text][\/et_pb_column][et_pb_column type=&#8221;1_6&#8243; _builder_version=&#8221;4.4.8&#8243; use_background_color_gradient=&#8221;on&#8221; background_color_gradient_start=&#8221;rgba(43,135,218,0)&#8221; background_color_gradient_end=&#8221;#000000&#8243; background_color_gradient_start_position=&#8221;41%&#8221; background_image=&#8221;https:\/\/siebecke-online.de\/wp-content\/uploads\/2020\/05\/kyo6.png&#8221; background_position=&#8221;top_center&#8221; background_blend=&#8221;overlay&#8221; link_option_url=&#8221;@ET-DC@eyJkeW5hbWljIjp0cnVlLCJjb250ZW50IjoicG9zdF9saW5rX3VybF9wYWdlIiwic2V0dGluZ3MiOnsicG9zdF9pZCI6IjE5OTMifX0=@&#8221; hover_enabled=&#8221;0&#8243; _dynamic_attributes=&#8221;link_option_url&#8221;][et_pb_text _builder_version=&#8221;4.4.8&#8243; header_2_font=&#8221;||||||||&#8221; header_2_text_color=&#8221;#ffffff&#8221; header_2_font_size=&#8221;22px&#8221; text_orientation=&#8221;center&#8221; custom_margin=&#8221;250px||30px||false|false&#8221; locked=&#8221;off&#8221;]<\/p>\n<h2>Brochure stands<\/h2>\n<p>[\/et_pb_text][\/et_pb_column][et_pb_column type=&#8221;1_6&#8243; _builder_version=&#8221;4.4.8&#8243; use_background_color_gradient=&#8221;on&#8221; background_color_gradient_start=&#8221;rgba(43,135,218,0)&#8221; background_color_gradient_end=&#8221;#000000&#8243; background_color_gradient_start_position=&#8221;41%&#8221; background_image=&#8221;https:\/\/siebecke-online.de\/wp-content\/uploads\/2020\/05\/45.0.0-as-1.png&#8221; background_blend=&#8221;overlay&#8221; link_option_url=&#8221;@ET-DC@eyJkeW5hbWljIjp0cnVlLCJjb250ZW50IjoicG9zdF9saW5rX3VybF9wYWdlIiwic2V0dGluZ3MiOnsicG9zdF9pZCI6IjE5ODgifX0=@&#8221; hover_enabled=&#8221;0&#8243; _dynamic_attributes=&#8221;link_option_url&#8221;][et_pb_text _builder_version=&#8221;4.4.8&#8243; header_2_font=&#8221;||||||||&#8221; header_2_text_color=&#8221;#ffffff&#8221; header_2_font_size=&#8221;22px&#8221; text_orientation=&#8221;center&#8221; custom_margin=&#8221;250px||30px||false|false&#8221; locked=&#8221;off&#8221;]<\/p>\n<h2>Payment plates<\/h2>\n<p>[\/et_pb_text][\/et_pb_column][\/et_pb_row][\/et_pb_section][et_pb_section fb_built=&#8221;1&#8243; _builder_version=&#8221;4.4.4&#8243;][et_pb_row column_structure=&#8221;2_3,1_3&#8243; custom_padding_last_edited=&#8221;on|phone&#8221; _builder_version=&#8221;4.4.7&#8243; width_tablet=&#8221;90%&#8221; width_phone=&#8221;&#8221; width_last_edited=&#8221;on|tablet&#8221; max_width_tablet=&#8221;90%&#8221; max_width_phone=&#8221;&#8221; max_width_last_edited=&#8221;on|desktop&#8221; custom_margin=&#8221;-30px|auto|40px|auto||&#8221; custom_padding=&#8221;50px|50px|40px|50px|false|true&#8221; custom_padding_tablet=&#8221;&#8221; custom_padding_phone=&#8221;30px|30px|30px|30px|true|true&#8221; border_width_all=&#8221;2px&#8221; border_color_all=&#8221;#b3b698&#8243; global_module=&#8221;1891&#8243; saved_tabs=&#8221;all&#8221; locked=&#8221;off&#8221;][et_pb_column type=&#8221;2_3&#8243; _builder_version=&#8221;4.4.7&#8243;][et_pb_text _builder_version=&#8221;4.4.8&#8243; header_2_text_align_tablet=&#8221;center&#8221; header_2_text_align_phone=&#8221;&#8221; header_2_text_align_last_edited=&#8221;on|phone&#8221;]<\/p>\n<h2> Your individual request <\/h2>\n<p>[\/et_pb_text][\/et_pb_column][et_pb_column type=&#8221;1_3&#8243; _builder_version=&#8221;4.4.7&#8243;][et_pb_button button_url=&#8221;\/kontakt&#8221; button_text=&#8221;Contact us&#8221; button_alignment=&#8221;center&#8221; _builder_version=&#8221;4.4.8&#8243; custom_button=&#8221;on&#8221; button_text_color=&#8221;#ffffff&#8221; button_bg_color=&#8221;#B3B698&#8243; button_border_width=&#8221;0px&#8221; button_border_radius=&#8221;0px&#8221; custom_margin=&#8221;0px|||||&#8221; locked=&#8221;off&#8221;][\/et_pb_button][\/et_pb_column][\/et_pb_row][\/et_pb_section]<\/p>\n","protected":false},"excerpt":{"rendered":"<p>Our products &nbsp; Each display or shop system is developed and produced individually for a project. With modern production and printing processes, high-quality POS solutions made of metal, plastic or wood are feasible &#8211; without exceeding your budget! So just take a look around with us.Floor displaysCounter displaysShop-In-ShopLogo displaysBrochure standsPayment plates Your individual request<\/p>\n","protected":false},"author":4,"featured_media":1876,"parent":0,"menu_order":0,"comment_status":"closed","ping_status":"closed","template":"","meta":{"_et_pb_use_builder":"on","_et_pb_old_content":"","_et_gb_content_width":"","footnotes":""},"class_list":["post-1878","page","type-page","status-publish","has-post-thumbnail","hentry"],"yoast_head":"<!-- This site is optimized with the Yoast SEO plugin v27.5 - https:\/\/yoast.com\/product\/yoast-seo-wordpress\/ -->\n<title>Sales displays - SIEBECKE Pr\u00e4sentationssysteme<\/title>\n<meta name=\"robots\" content=\"index, follow, max-snippet:-1, max-image-preview:large, max-video-preview:-1\" \/>\n<link rel=\"canonical\" href=\"https:\/\/www.siebecke-online.de\/en\/sales-displays\/\" \/>\n<meta property=\"og:locale\" content=\"en_US\" \/>\n<meta property=\"og:type\" content=\"article\" \/>\n<meta property=\"og:title\" content=\"Sales displays - SIEBECKE Pr\u00e4sentationssysteme\" \/>\n<meta property=\"og:description\" content=\"Our products &nbsp; Each display or shop system is developed and produced individually for a project. With modern production and printing processes, high-quality POS solutions made of metal, plastic or wood are feasible - without exceeding your budget! So just take a look around with us.Floor displaysCounter displaysShop-In-ShopLogo displaysBrochure standsPayment plates Your individual request\" \/>\n<meta property=\"og:url\" content=\"https:\/\/www.siebecke-online.de\/en\/sales-displays\/\" \/>\n<meta property=\"og:site_name\" content=\"SIEBECKE Pr\u00e4sentationssysteme\" \/>\n<meta property=\"article:modified_time\" content=\"2020-06-12T19:19:52+00:00\" \/>\n<meta property=\"og:image\" content=\"https:\/\/www.siebecke-online.de\/wp-content\/uploads\/2020\/05\/Rack-lang-mit-Podium2.jpg\" \/>\n\t<meta property=\"og:image:width\" content=\"595\" \/>\n\t<meta property=\"og:image:height\" content=\"429\" \/>\n\t<meta property=\"og:image:type\" content=\"image\/jpeg\" \/>\n<meta name=\"twitter:card\" content=\"summary_large_image\" \/>\n<meta name=\"twitter:label1\" content=\"Est. reading time\" \/>\n\t<meta name=\"twitter:data1\" content=\"5 minutes\" \/>\n<script type=\"application\/ld+json\" class=\"yoast-schema-graph\">{\"@context\":\"https:\\\/\\\/schema.org\",\"@graph\":[{\"@type\":\"WebPage\",\"@id\":\"https:\\\/\\\/www.siebecke-online.de\\\/en\\\/sales-displays\\\/\",\"url\":\"https:\\\/\\\/www.siebecke-online.de\\\/en\\\/sales-displays\\\/\",\"name\":\"Sales displays - SIEBECKE Pr\u00e4sentationssysteme\",\"isPartOf\":{\"@id\":\"https:\\\/\\\/www.siebecke-online.de\\\/en\\\/#website\"},\"primaryImageOfPage\":{\"@id\":\"https:\\\/\\\/www.siebecke-online.de\\\/en\\\/sales-displays\\\/#primaryimage\"},\"image\":{\"@id\":\"https:\\\/\\\/www.siebecke-online.de\\\/en\\\/sales-displays\\\/#primaryimage\"},\"thumbnailUrl\":\"https:\\\/\\\/www.siebecke-online.de\\\/wp-content\\\/uploads\\\/2020\\\/05\\\/Rack-lang-mit-Podium2.jpg\",\"datePublished\":\"2020-06-12T15:28:19+00:00\",\"dateModified\":\"2020-06-12T19:19:52+00:00\",\"breadcrumb\":{\"@id\":\"https:\\\/\\\/www.siebecke-online.de\\\/en\\\/sales-displays\\\/#breadcrumb\"},\"inLanguage\":\"en-US\",\"potentialAction\":[{\"@type\":\"ReadAction\",\"target\":[\"https:\\\/\\\/www.siebecke-online.de\\\/en\\\/sales-displays\\\/\"]}]},{\"@type\":\"ImageObject\",\"inLanguage\":\"en-US\",\"@id\":\"https:\\\/\\\/www.siebecke-online.de\\\/en\\\/sales-displays\\\/#primaryimage\",\"url\":\"https:\\\/\\\/www.siebecke-online.de\\\/wp-content\\\/uploads\\\/2020\\\/05\\\/Rack-lang-mit-Podium2.jpg\",\"contentUrl\":\"https:\\\/\\\/www.siebecke-online.de\\\/wp-content\\\/uploads\\\/2020\\\/05\\\/Rack-lang-mit-Podium2.jpg\",\"width\":595,\"height\":429},{\"@type\":\"BreadcrumbList\",\"@id\":\"https:\\\/\\\/www.siebecke-online.de\\\/en\\\/sales-displays\\\/#breadcrumb\",\"itemListElement\":[{\"@type\":\"ListItem\",\"position\":1,\"name\":\"Startseite\",\"item\":\"https:\\\/\\\/www.siebecke-online.de\\\/en\\\/\"},{\"@type\":\"ListItem\",\"position\":2,\"name\":\"Sales displays\"}]},{\"@type\":\"WebSite\",\"@id\":\"https:\\\/\\\/www.siebecke-online.de\\\/en\\\/#website\",\"url\":\"https:\\\/\\\/www.siebecke-online.de\\\/en\\\/\",\"name\":\"SIEBECKE Pr\u00e4sentationssysteme\",\"description\":\"Der Ma\u00dfanzug f\u00fcr Ihre Produktpr\u00e4sentation\",\"publisher\":{\"@id\":\"https:\\\/\\\/www.siebecke-online.de\\\/en\\\/#organization\"},\"potentialAction\":[{\"@type\":\"SearchAction\",\"target\":{\"@type\":\"EntryPoint\",\"urlTemplate\":\"https:\\\/\\\/www.siebecke-online.de\\\/en\\\/?s={search_term_string}\"},\"query-input\":{\"@type\":\"PropertyValueSpecification\",\"valueRequired\":true,\"valueName\":\"search_term_string\"}}],\"inLanguage\":\"en-US\"},{\"@type\":\"Organization\",\"@id\":\"https:\\\/\\\/www.siebecke-online.de\\\/en\\\/#organization\",\"name\":\"SIEBECKE Pr\u00e4sentationssysteme\",\"url\":\"https:\\\/\\\/www.siebecke-online.de\\\/en\\\/\",\"logo\":{\"@type\":\"ImageObject\",\"inLanguage\":\"en-US\",\"@id\":\"https:\\\/\\\/www.siebecke-online.de\\\/en\\\/#\\\/schema\\\/logo\\\/image\\\/\",\"url\":\"https:\\\/\\\/www.siebecke-online.de\\\/wp-content\\\/uploads\\\/2020\\\/05\\\/Siebecke-Logo-mit-Claim1.png\",\"contentUrl\":\"https:\\\/\\\/www.siebecke-online.de\\\/wp-content\\\/uploads\\\/2020\\\/05\\\/Siebecke-Logo-mit-Claim1.png\",\"width\":794,\"height\":185,\"caption\":\"SIEBECKE Pr\u00e4sentationssysteme\"},\"image\":{\"@id\":\"https:\\\/\\\/www.siebecke-online.de\\\/en\\\/#\\\/schema\\\/logo\\\/image\\\/\"}}]}<\/script>\n<!-- \/ Yoast SEO plugin. -->","yoast_head_json":{"title":"Sales displays - SIEBECKE Pr\u00e4sentationssysteme","robots":{"index":"index","follow":"follow","max-snippet":"max-snippet:-1","max-image-preview":"max-image-preview:large","max-video-preview":"max-video-preview:-1"},"canonical":"https:\/\/www.siebecke-online.de\/en\/sales-displays\/","og_locale":"en_US","og_type":"article","og_title":"Sales displays - SIEBECKE Pr\u00e4sentationssysteme","og_description":"Our products &nbsp; Each display or shop system is developed and produced individually for a project. With modern production and printing processes, high-quality POS solutions made of metal, plastic or wood are feasible - without exceeding your budget! So just take a look around with us.Floor displaysCounter displaysShop-In-ShopLogo displaysBrochure standsPayment plates Your individual request","og_url":"https:\/\/www.siebecke-online.de\/en\/sales-displays\/","og_site_name":"SIEBECKE Pr\u00e4sentationssysteme","article_modified_time":"2020-06-12T19:19:52+00:00","og_image":[{"width":595,"height":429,"url":"https:\/\/www.siebecke-online.de\/wp-content\/uploads\/2020\/05\/Rack-lang-mit-Podium2.jpg","type":"image\/jpeg"}],"twitter_card":"summary_large_image","twitter_misc":{"Est. reading time":"5 minutes"},"schema":{"@context":"https:\/\/schema.org","@graph":[{"@type":"WebPage","@id":"https:\/\/www.siebecke-online.de\/en\/sales-displays\/","url":"https:\/\/www.siebecke-online.de\/en\/sales-displays\/","name":"Sales displays - SIEBECKE Pr\u00e4sentationssysteme","isPartOf":{"@id":"https:\/\/www.siebecke-online.de\/en\/#website"},"primaryImageOfPage":{"@id":"https:\/\/www.siebecke-online.de\/en\/sales-displays\/#primaryimage"},"image":{"@id":"https:\/\/www.siebecke-online.de\/en\/sales-displays\/#primaryimage"},"thumbnailUrl":"https:\/\/www.siebecke-online.de\/wp-content\/uploads\/2020\/05\/Rack-lang-mit-Podium2.jpg","datePublished":"2020-06-12T15:28:19+00:00","dateModified":"2020-06-12T19:19:52+00:00","breadcrumb":{"@id":"https:\/\/www.siebecke-online.de\/en\/sales-displays\/#breadcrumb"},"inLanguage":"en-US","potentialAction":[{"@type":"ReadAction","target":["https:\/\/www.siebecke-online.de\/en\/sales-displays\/"]}]},{"@type":"ImageObject","inLanguage":"en-US","@id":"https:\/\/www.siebecke-online.de\/en\/sales-displays\/#primaryimage","url":"https:\/\/www.siebecke-online.de\/wp-content\/uploads\/2020\/05\/Rack-lang-mit-Podium2.jpg","contentUrl":"https:\/\/www.siebecke-online.de\/wp-content\/uploads\/2020\/05\/Rack-lang-mit-Podium2.jpg","width":595,"height":429},{"@type":"BreadcrumbList","@id":"https:\/\/www.siebecke-online.de\/en\/sales-displays\/#breadcrumb","itemListElement":[{"@type":"ListItem","position":1,"name":"Startseite","item":"https:\/\/www.siebecke-online.de\/en\/"},{"@type":"ListItem","position":2,"name":"Sales displays"}]},{"@type":"WebSite","@id":"https:\/\/www.siebecke-online.de\/en\/#website","url":"https:\/\/www.siebecke-online.de\/en\/","name":"SIEBECKE Pr\u00e4sentationssysteme","description":"Der Ma\u00dfanzug f\u00fcr Ihre Produktpr\u00e4sentation","publisher":{"@id":"https:\/\/www.siebecke-online.de\/en\/#organization"},"potentialAction":[{"@type":"SearchAction","target":{"@type":"EntryPoint","urlTemplate":"https:\/\/www.siebecke-online.de\/en\/?s={search_term_string}"},"query-input":{"@type":"PropertyValueSpecification","valueRequired":true,"valueName":"search_term_string"}}],"inLanguage":"en-US"},{"@type":"Organization","@id":"https:\/\/www.siebecke-online.de\/en\/#organization","name":"SIEBECKE Pr\u00e4sentationssysteme","url":"https:\/\/www.siebecke-online.de\/en\/","logo":{"@type":"ImageObject","inLanguage":"en-US","@id":"https:\/\/www.siebecke-online.de\/en\/#\/schema\/logo\/image\/","url":"https:\/\/www.siebecke-online.de\/wp-content\/uploads\/2020\/05\/Siebecke-Logo-mit-Claim1.png","contentUrl":"https:\/\/www.siebecke-online.de\/wp-content\/uploads\/2020\/05\/Siebecke-Logo-mit-Claim1.png","width":794,"height":185,"caption":"SIEBECKE Pr\u00e4sentationssysteme"},"image":{"@id":"https:\/\/www.siebecke-online.de\/en\/#\/schema\/logo\/image\/"}}]}},"_links":{"self":[{"href":"https:\/\/www.siebecke-online.de\/en\/wp-json\/wp\/v2\/pages\/1878","targetHints":{"allow":["GET"]}}],"collection":[{"href":"https:\/\/www.siebecke-online.de\/en\/wp-json\/wp\/v2\/pages"}],"about":[{"href":"https:\/\/www.siebecke-online.de\/en\/wp-json\/wp\/v2\/types\/page"}],"author":[{"embeddable":true,"href":"https:\/\/www.siebecke-online.de\/en\/wp-json\/wp\/v2\/users\/4"}],"replies":[{"embeddable":true,"href":"https:\/\/www.siebecke-online.de\/en\/wp-json\/wp\/v2\/comments?post=1878"}],"version-history":[{"count":0,"href":"https:\/\/www.siebecke-online.de\/en\/wp-json\/wp\/v2\/pages\/1878\/revisions"}],"wp:featuredmedia":[{"embeddable":true,"href":"https:\/\/www.siebecke-online.de\/en\/wp-json\/wp\/v2\/media\/1876"}],"wp:attachment":[{"href":"https:\/\/www.siebecke-online.de\/en\/wp-json\/wp\/v2\/media?parent=1878"}],"curies":[{"name":"wp","href":"https:\/\/api.w.org\/{rel}","templated":true}]}}